{"id":2,"date":"2016-05-10T03:48:21","date_gmt":"2016-05-10T03:48:21","guid":{"rendered":"https:\/\/mihrabdernegi.org.tr\/?page_id=2"},"modified":"2025-05-26T07:35:57","modified_gmt":"2025-05-26T07:35:57","slug":"sample-page","status":"publish","type":"page","link":"https:\/\/www.mihrabdernegi.org.tr\/","title":{"rendered":"\u00c7al\u0131\u015f\u0131yoruz"},"content":{"rendered":"<p>Mihrab Derne\u011fi websitesi i\u00e7in \u00e7al\u0131\u015f\u0131yoruz.<\/p>\n\n\n<figure class=\"wp-block-video\"><video height=\"1080\" style=\"aspect-ratio: 1080 \/ 1080;\" width=\"1080\" autoplay loop muted poster=\"https:\/\/www.mihrabdernegi.org.tr\/wp-content\/uploads\/2025\/05\/android-chrome-512x512-1.png\" preload=\"auto\" src=\"https:\/\/www.mihrabdernegi.org.tr\/wp-content\/uploads\/2025\/05\/Mihrab-Intro.mp4\"><\/video><\/figure>\n","protected":false},"excerpt":{"rendered":"<p>Mihrab Derne\u011fi websitesi i\u00e7in \u00e7al\u0131\u015f\u0131yoruz.<\/p>\n","protected":false},"author":1,"featured_media":0,"parent":0,"menu_order":0,"comment_status":"closed","ping_status":"open","template":"","meta":{"footnotes":""},"class_list":["post-2","page","type-page","status-publish"],"_links":{"self":[{"href":"https:\/\/www.mihrabdernegi.org.tr\/index.php?rest_route=\/wp\/v2\/pages\/2","targetHints":{"allow":["GET"]}}],"collection":[{"href":"https:\/\/www.mihrabdernegi.org.tr\/index.php?rest_route=\/wp\/v2\/pages"}],"about":[{"href":"https:\/\/www.mihrabdernegi.org.tr\/index.php?rest_route=\/wp\/v2\/types\/page"}],"author":[{"embeddable":true,"href":"https:\/\/www.mihrabdernegi.org.tr\/index.php?rest_route=\/wp\/v2\/users\/1"}],"replies":[{"embeddable":true,"href":"https:\/\/www.mihrabdernegi.org.tr\/index.php?rest_route=%2Fwp%2Fv2%2Fcomments&post=2"}],"version-history":[{"count":3,"href":"https:\/\/www.mihrabdernegi.org.tr\/index.php?rest_route=\/wp\/v2\/pages\/2\/revisions"}],"predecessor-version":[{"id":23,"href":"https:\/\/www.mihrabdernegi.org.tr\/index.php?rest_route=\/wp\/v2\/pages\/2\/revisions\/23"}],"wp:attachment":[{"href":"https:\/\/www.mihrabdernegi.org.tr\/index.php?rest_route=%2Fwp%2Fv2%2Fmedia&parent=2"}],"curies":[{"name":"wp","href":"https:\/\/api.w.org\/{rel}","templated":true}]}}